{"id":81,"date":"2026-03-24T17:17:59","date_gmt":"2026-03-24T16:17:59","guid":{"rendered":"https:\/\/www.gartenstadt-frohnau.de\/wordpress\/hohenheimer-strasse-31\/"},"modified":"2026-04-17T14:06:31","modified_gmt":"2026-04-17T12:06:31","slug":"hohenheimer-strasse-31","status":"publish","type":"page","link":"https:\/\/www.gartenstadt-frohnau.de\/wordpress\/heinrich-straumer-1876-1937\/hohenheimer-strasse-31\/","title":{"rendered":"Hohenheimer Stra\u00dfe 31"},"content":{"rendered":"\n<p class=\"has-black-color has-pale-cyan-blue-background-color has-text-color has-background has-link-color has-medium-font-size wp-elements-e16d01d32b8b9c6615a78dbaff9cc40d\" style=\"border-top-left-radius:27px;border-top-right-radius:27px;border-bottom-left-radius:27px;border-bottom-right-radius:27px\">Das Haus Trapp in der Hohenheimerstra\u00dfe 31 wurde 1910\/11 f\u00fcr den Fabrikbesitzer August Trapp von dem Architekten Heinrich Straumer erbaut. Es zeichnet sich durch eine polygonale Auslucht mit rechteckigem Giebel, b\u00fcndig sitzende Sprossenfenster und steile Satteld\u00e4cher aus, die typisch f\u00fcr Straumers eher n\u00fcchternen, aber wohl proportionierten Stil sind. Der Grundriss organisiert Wohn- und K\u00fcchentrakt um eine zentrale Wohndiele mit dreiachsiger Treppe und bietet f\u00fcr ein kompaktes Landhaus ungew\u00f6hnlich ger\u00e4umige Zimmer. Das Geb\u00e4ude ist heute ver\u00e4ndert, da die urspr\u00fcngliche Holzveranda und die von Straumer entworfene Einfriedung entfernt und das Haus 1934 um eine Fensterachse verl\u00e4ngert wurden.<\/p>\n\n\n\n<p class=\"has-black-color has-luminous-vivid-amber-background-color has-text-color has-background has-link-color has-medium-font-size wp-elements-202195d7aa588064b9022e08fd23d098\" style=\"border-top-left-radius:27px;border-top-right-radius:27px;border-bottom-left-radius:27px;border-bottom-right-radius:27px\">Das Haus des Fabrikbesitzers August Trapp wird haupts\u00e4chlich durch einen polygonale Auslucht mit rechteckigem Giebel\u00fcberbau gepr\u00e4gt. Es erinnert damit an ein Haus Robert Heatons in Bourneville, das ein \u00e4hnliches Motiv zeigt. Die b\u00fcndig in der glatten Putzfassade sitzenden Sprossenfenster und die steilen, leicht gesetzten Satteld\u00e4cher sind feste Bestandteile von Straumers n\u00fcchternem, gut proportionierten Stil. Den Mittelpunkt des Hauses und zugleich eine Trennung von Wohn- und K\u00fcchentrakt bilden die untere und obere Wohndiele mit einer zur Gartenseite gelegenen dreiachsigen Treppe. Im Erdgeschoss befinden sich zwei Wohnzimmer, im Obergeschoss zwei Zimmer, M\u00e4dchenkammer und Bad. Die Erkerzimmer sind mit ihren Ausma\u00dfen von 27 qm und 23 qm, wie auch das aufwendige Treppenhaus, f\u00fcr ein kompaktes Landhaus erstaunlich ger\u00e4umig.&nbsp;Umbauten: Das Haus Trapp ist nicht in seiner originalen Form erhalten. Es besa\u00df urspr\u00fcnglich in zur\u00fcckliegenden, traufst\u00e4ndigen Trakt neben dem Eingang eine h\u00f6lzerne Veranda. 1934 wurde sie abgebrochen, und das Haus wurde um eine Fensterachse verl\u00e4ngert (Architekten: Walter und Johannes Kr\u00fcger). Die originale, von Straumer entworfene Einfriedung (Steinsockel mit Holzlattenzaun) ist ebenfalls nicht mehr vorhanden.&nbsp;<\/p>\n\n\n\n<details class=\"wp-block-details is-layout-flow wp-block-details-is-layout-flow\"><summary>Weiterf\u00fchrender Text<\/summary>\n<p class=\"has-black-color has-pale-pink-background-color has-text-color has-background has-link-color wp-elements-f9e1fee35861c219180dff01d5f02072\" style=\"border-top-left-radius:27px;border-top-right-radius:27px;border-bottom-left-radius:27px;border-bottom-right-radius:27px\">Das Haus des Fabrikbesitzers August Trapp wird haupts\u00e4chlich durch einen polygonale Auslucht mit rechteckigem Giebel\u00fcberbau gepr\u00e4gt. Es erinnert damit an ein Haus Robert Heatons in Bourneville, das ein \u00e4hnliches Motiv zeigt (vgl. auch WV 23d). Die b\u00fcndig in der glatten Putzfassade sitzenden Sprossenfenster und die steilen, leicht gesetzten Satteld\u00e4cher sind feste Bestandteile von Straumers n\u00fcchternem, gut proportionierten Stil. Den Mittelpunkt des Hauses und zugleich eine Trennung von Wohn- und K\u00fcchentrakt bilden die untere und obere Wohndiele mit einer zur Gartenseite gelegenen dreiachsigen Treppe. Im Erdgeschoss befinden sich zwei Wohnzimmer, im Obergeschoss zwei Zimmer, M\u00e4dchenkammer und Bad. Die Erkerzimmer sind mit ihren Ausma\u00dfen von 27 qm und 23 qm, wie auch das aufwendige Treppenhaus, f\u00fcr ein kompaktes Landhaus erstaunlich ger\u00e4umig.&nbsp;<br>Umbauten: Das Haus Trapp ist nicht in seiner originalen Form erhalten. Es besa\u00df urspr\u00fcnglich in zur\u00fcckliegenden, traufst\u00e4ndigen Trakt neben dem Eingang eine h\u00f6lzerne Veranda. 1934 wurde sie abgebrochen, und das Haus wurde um eine Fensterachse verl\u00e4ngert (Architekten: Walter und Johannes Kr\u00fcger, vgl. WV 11). Die originale, von Straumer entworfene Einfriedung (Steinsockel mit Holzlattenzaun) ist ebenfalls nicht mehr vorhanden.&nbsp;<\/p>\n<\/details>\n","protected":false},"excerpt":{"rendered":"<p>Das Haus Trapp in der Hohenheimerstra\u00dfe 31 wurde 1910\/11 f\u00fcr den Fabrikbesitzer August Trapp von dem Architekten Heinrich Straumer erbaut. Es zeichnet sich durch eine polygonale Auslucht mit rechteckigem Giebel, b\u00fcndig sitzende Sprossenfenster und steile Satteld\u00e4cher aus, die typisch f\u00fcr Straumers eher n\u00fcchternen, aber wohl proportionierten Stil sind. Der Grundriss organisiert Wohn- und K\u00fcchentrakt um [&hellip;]<\/p>\n","protected":false},"author":1,"featured_media":0,"parent":234,"menu_order":0,"comment_status":"closed","ping_status":"closed","template":"","meta":{"footnotes":""},"class_list":["post-81","page","type-page","status-publish","hentry"],"_links":{"self":[{"href":"https:\/\/www.gartenstadt-frohnau.de\/wordpress\/wp-json\/wp\/v2\/pages\/81","targetHints":{"allow":["GET"]}}],"collection":[{"href":"https:\/\/www.gartenstadt-frohnau.de\/wordpress\/wp-json\/wp\/v2\/pages"}],"about":[{"href":"https:\/\/www.gartenstadt-frohnau.de\/wordpress\/wp-json\/wp\/v2\/types\/page"}],"author":[{"embeddable":true,"href":"https:\/\/www.gartenstadt-frohnau.de\/wordpress\/wp-json\/wp\/v2\/users\/1"}],"replies":[{"embeddable":true,"href":"https:\/\/www.gartenstadt-frohnau.de\/wordpress\/wp-json\/wp\/v2\/comments?post=81"}],"version-history":[{"count":12,"href":"https:\/\/www.gartenstadt-frohnau.de\/wordpress\/wp-json\/wp\/v2\/pages\/81\/revisions"}],"predecessor-version":[{"id":308,"href":"https:\/\/www.gartenstadt-frohnau.de\/wordpress\/wp-json\/wp\/v2\/pages\/81\/revisions\/308"}],"up":[{"embeddable":true,"href":"https:\/\/www.gartenstadt-frohnau.de\/wordpress\/wp-json\/wp\/v2\/pages\/234"}],"wp:attachment":[{"href":"https:\/\/www.gartenstadt-frohnau.de\/wordpress\/wp-json\/wp\/v2\/media?parent=81"}],"curies":[{"name":"wp","href":"https:\/\/api.w.org\/{rel}","templated":true}]}}