{"id":63,"date":"2026-03-24T16:44:18","date_gmt":"2026-03-24T15:44:18","guid":{"rendered":"https:\/\/www.gartenstadt-frohnau.de\/wordpress\/?page_id=63"},"modified":"2026-04-14T16:21:16","modified_gmt":"2026-04-14T14:21:16","slug":"markgrafenstrasse-89","status":"publish","type":"page","link":"https:\/\/www.gartenstadt-frohnau.de\/wordpress\/paul-poser-1876-1940\/markgrafenstrasse-89\/","title":{"rendered":"Markgrafenstra\u00dfe 89"},"content":{"rendered":"\n<p>Posers sind in Zeulenroda und Umgebung keineswegs fremd, im Gegenteil: In der mehrb\u00e4ndigen Stadtgeschichte, die Friedrich Lorenz Schmidt in den drei\u00dfiger Jahren zusammengetragen hat, taucht ein Simon Po\u00dfer schon 1592 im sog. \u201eT\u00fcrkensteuerregister\u201c auf, das ihn als verm\u00f6genden Bauern im Nachbarort Langenwolschendorf<\/p>\n","protected":false},"excerpt":{"rendered":"<p>Posers sind in Zeulenroda und Umgebung keineswegs fremd, im Gegenteil: In der mehrb\u00e4ndigen Stadtgeschichte, die Friedrich Lorenz Schmidt in den drei\u00dfiger Jahren zusammengetragen hat, taucht ein Simon Po\u00dfer schon 1592 im sog. \u201eT\u00fcrkensteuerregister\u201c auf, das ihn als verm\u00f6genden Bauern im Nachbarort Langenwolschendorf<\/p>\n","protected":false},"author":1,"featured_media":45,"parent":112,"menu_order":0,"comment_status":"closed","ping_status":"closed","template":"","meta":{"footnotes":""},"class_list":["post-63","page","type-page","status-publish","has-post-thumbnail","hentry"],"_links":{"self":[{"href":"https:\/\/www.gartenstadt-frohnau.de\/wordpress\/wp-json\/wp\/v2\/pages\/63","targetHints":{"allow":["GET"]}}],"collection":[{"href":"https:\/\/www.gartenstadt-frohnau.de\/wordpress\/wp-json\/wp\/v2\/pages"}],"about":[{"href":"https:\/\/www.gartenstadt-frohnau.de\/wordpress\/wp-json\/wp\/v2\/types\/page"}],"author":[{"embeddable":true,"href":"https:\/\/www.gartenstadt-frohnau.de\/wordpress\/wp-json\/wp\/v2\/users\/1"}],"replies":[{"embeddable":true,"href":"https:\/\/www.gartenstadt-frohnau.de\/wordpress\/wp-json\/wp\/v2\/comments?post=63"}],"version-history":[{"count":2,"href":"https:\/\/www.gartenstadt-frohnau.de\/wordpress\/wp-json\/wp\/v2\/pages\/63\/revisions"}],"predecessor-version":[{"id":68,"href":"https:\/\/www.gartenstadt-frohnau.de\/wordpress\/wp-json\/wp\/v2\/pages\/63\/revisions\/68"}],"up":[{"embeddable":true,"href":"https:\/\/www.gartenstadt-frohnau.de\/wordpress\/wp-json\/wp\/v2\/pages\/112"}],"wp:featuredmedia":[{"embeddable":true,"href":"https:\/\/www.gartenstadt-frohnau.de\/wordpress\/wp-json\/wp\/v2\/media\/45"}],"wp:attachment":[{"href":"https:\/\/www.gartenstadt-frohnau.de\/wordpress\/wp-json\/wp\/v2\/media?parent=63"}],"curies":[{"name":"wp","href":"https:\/\/api.w.org\/{rel}","templated":true}]}}