{"id":34,"date":"2026-03-23T14:43:11","date_gmt":"2026-03-23T13:43:11","guid":{"rendered":"https:\/\/www.gartenstadt-frohnau.de\/wordpress\/kasinoweg-7\/"},"modified":"2026-04-15T12:08:34","modified_gmt":"2026-04-15T10:08:34","slug":"kasinoweg-7","status":"publish","type":"page","link":"https:\/\/www.gartenstadt-frohnau.de\/wordpress\/kasinoweg-7\/","title":{"rendered":"Kasinoweg 7"},"content":{"rendered":"\n<pre class=\"wp-block-preformatted\"><br><br>Gotthard Paul Poser wird am 12. Oktober 1876 in Zeulenroda im th\u00fcringischen Vogtland geboren. Seine Mutter Marie Mathilde ist eine geb. Jahn, sein Vater, Johann Gottfried Poser, ist Strumpfwirker, in Sankt Gangloff bei Gera geb\u00fcrtig. Paul, der erste Sohn nach drei T\u00f6chtern, ist die Mittenfigur einer reichen Kinderschar: Vier von elf Kindern versterben fr\u00fch.  13 Personen muss der Vater ern\u00e4hren, die Mutter versorgen. Das kann nicht leicht sein: Im <\/pre>\n\n\n\n<figure class=\"wp-block-gallery has-nested-images columns-default is-cropped wp-block-gallery-1 is-layout-flex wp-block-gallery-is-layout-flex\">\n<figure class=\"wp-block-image size-large\"><img loading=\"lazy\" decoding=\"async\" width=\"534\" height=\"703\" data-id=\"42\" src=\"https:\/\/www.gartenstadt-frohnau.de\/wordpress\/wp-content\/uploads\/2026\/03\/20231012_103732-ausschn-2-P-Poser-Foto-kop-406pix-1.jpg\" alt=\"\" class=\"wp-image-42\" srcset=\"https:\/\/www.gartenstadt-frohnau.de\/wordpress\/wp-content\/uploads\/2026\/03\/20231012_103732-ausschn-2-P-Poser-Foto-kop-406pix-1.jpg 534w, https:\/\/www.gartenstadt-frohnau.de\/wordpress\/wp-content\/uploads\/2026\/03\/20231012_103732-ausschn-2-P-Poser-Foto-kop-406pix-1-228x300.jpg 228w\" sizes=\"auto, (max-width: 534px) 100vw, 534px\" \/><\/figure>\n\n\n\n<figure class=\"wp-block-image size-large\"><img loading=\"lazy\" decoding=\"async\" width=\"369\" height=\"486\" data-id=\"39\" src=\"https:\/\/www.gartenstadt-frohnau.de\/wordpress\/wp-content\/uploads\/2026\/03\/20231012_103732-ausschn-2-P-Poser-Foto-kop-360pix.jpg\" alt=\"\" class=\"wp-image-39\" srcset=\"https:\/\/www.gartenstadt-frohnau.de\/wordpress\/wp-content\/uploads\/2026\/03\/20231012_103732-ausschn-2-P-Poser-Foto-kop-360pix.jpg 369w, https:\/\/www.gartenstadt-frohnau.de\/wordpress\/wp-content\/uploads\/2026\/03\/20231012_103732-ausschn-2-P-Poser-Foto-kop-360pix-228x300.jpg 228w\" sizes=\"auto, (max-width: 369px) 100vw, 369px\" \/><\/figure>\n\n\n\n<figure class=\"wp-block-image size-large\"><img loading=\"lazy\" decoding=\"async\" width=\"1024\" height=\"798\" data-id=\"44\" src=\"https:\/\/www.gartenstadt-frohnau.de\/wordpress\/wp-content\/uploads\/2026\/03\/Feuerfaesser-Markt-S-424-Grafik-1-1024x798.jpg\" alt=\"\" class=\"wp-image-44\" srcset=\"https:\/\/www.gartenstadt-frohnau.de\/wordpress\/wp-content\/uploads\/2026\/03\/Feuerfaesser-Markt-S-424-Grafik-1-1024x798.jpg 1024w, https:\/\/www.gartenstadt-frohnau.de\/wordpress\/wp-content\/uploads\/2026\/03\/Feuerfaesser-Markt-S-424-Grafik-1-300x234.jpg 300w, https:\/\/www.gartenstadt-frohnau.de\/wordpress\/wp-content\/uploads\/2026\/03\/Feuerfaesser-Markt-S-424-Grafik-1-768x599.jpg 768w, https:\/\/www.gartenstadt-frohnau.de\/wordpress\/wp-content\/uploads\/2026\/03\/Feuerfaesser-Markt-S-424-Grafik-1-1536x1198.jpg 1536w, https:\/\/www.gartenstadt-frohnau.de\/wordpress\/wp-content\/uploads\/2026\/03\/Feuerfaesser-Markt-S-424-Grafik-1.jpg 1666w\" sizes=\"auto, (max-width: 1024px) 100vw, 1024px\" \/><\/figure>\n\n\n\n<figure class=\"wp-block-image size-large\"><img loading=\"lazy\" decoding=\"async\" width=\"1024\" height=\"608\" data-id=\"43\" src=\"https:\/\/www.gartenstadt-frohnau.de\/wordpress\/wp-content\/uploads\/2026\/03\/Poser-Glienicke-1932-Rathaus-in-Gl-Kurier-2007-archiv-schaerfen-1024x608.jpg\" alt=\"\" class=\"wp-image-43\" srcset=\"https:\/\/www.gartenstadt-frohnau.de\/wordpress\/wp-content\/uploads\/2026\/03\/Poser-Glienicke-1932-Rathaus-in-Gl-Kurier-2007-archiv-schaerfen-1024x608.jpg 1024w, https:\/\/www.gartenstadt-frohnau.de\/wordpress\/wp-content\/uploads\/2026\/03\/Poser-Glienicke-1932-Rathaus-in-Gl-Kurier-2007-archiv-schaerfen-300x178.jpg 300w, https:\/\/www.gartenstadt-frohnau.de\/wordpress\/wp-content\/uploads\/2026\/03\/Poser-Glienicke-1932-Rathaus-in-Gl-Kurier-2007-archiv-schaerfen-768x456.jpg 768w, https:\/\/www.gartenstadt-frohnau.de\/wordpress\/wp-content\/uploads\/2026\/03\/Poser-Glienicke-1932-Rathaus-in-Gl-Kurier-2007-archiv-schaerfen.jpg 1045w\" sizes=\"auto, (max-width: 1024px) 100vw, 1024px\" \/><\/figure>\n<\/figure>\n\n\n\n<p class=\"is-style-text-subtitle\"><\/p>\n","protected":false},"excerpt":{"rendered":"<p>Gotthard Paul Poser wird am 12. Oktober 1876 in Zeulenroda im th\u00fcringischen Vogtland geboren. Seine Mutter Marie Mathilde ist eine geb. Jahn, sein Vater, Johann Gottfried Poser, ist Strumpfwirker, in Sankt Gangloff bei Gera geb\u00fcrtig. Paul, der erste Sohn nach drei T\u00f6chtern, ist die Mittenfigur einer reichen Kinderschar: Vier von elf Kindern versterben fr\u00fch. 13 [&hellip;]<\/p>\n","protected":false},"author":1,"featured_media":45,"parent":0,"menu_order":0,"comment_status":"closed","ping_status":"closed","template":"","meta":{"footnotes":""},"class_list":["post-34","page","type-page","status-publish","has-post-thumbnail","hentry"],"_links":{"self":[{"href":"https:\/\/www.gartenstadt-frohnau.de\/wordpress\/wp-json\/wp\/v2\/pages\/34","targetHints":{"allow":["GET"]}}],"collection":[{"href":"https:\/\/www.gartenstadt-frohnau.de\/wordpress\/wp-json\/wp\/v2\/pages"}],"about":[{"href":"https:\/\/www.gartenstadt-frohnau.de\/wordpress\/wp-json\/wp\/v2\/types\/page"}],"author":[{"embeddable":true,"href":"https:\/\/www.gartenstadt-frohnau.de\/wordpress\/wp-json\/wp\/v2\/users\/1"}],"replies":[{"embeddable":true,"href":"https:\/\/www.gartenstadt-frohnau.de\/wordpress\/wp-json\/wp\/v2\/comments?post=34"}],"version-history":[{"count":1,"href":"https:\/\/www.gartenstadt-frohnau.de\/wordpress\/wp-json\/wp\/v2\/pages\/34\/revisions"}],"predecessor-version":[{"id":46,"href":"https:\/\/www.gartenstadt-frohnau.de\/wordpress\/wp-json\/wp\/v2\/pages\/34\/revisions\/46"}],"wp:featuredmedia":[{"embeddable":true,"href":"https:\/\/www.gartenstadt-frohnau.de\/wordpress\/wp-json\/wp\/v2\/media\/45"}],"wp:attachment":[{"href":"https:\/\/www.gartenstadt-frohnau.de\/wordpress\/wp-json\/wp\/v2\/media?parent=34"}],"curies":[{"name":"wp","href":"https:\/\/api.w.org\/{rel}","templated":true}]}}